{"id":2174,"date":"2014-05-27T05:42:19","date_gmt":"2014-05-27T05:42:19","guid":{"rendered":"http:\/\/wedesignthemes.com\/themes\/spalab\/?page_id=2174"},"modified":"2016-12-09T11:27:41","modified_gmt":"2016-12-09T10:27:41","slug":"contact-layout-2","status":"publish","type":"page","link":"https:\/\/mobile-h\u00e4nde.de\/wordpress_mh\/contact-layout-2\/","title":{"rendered":"Kontaktformular"},"content":{"rendered":"<div class=\"dt-sc-clear\"><\/div>\n<div class='dt-sc-hr-invisible-medium  '><\/div>\n<div  class='column dt-sc-two-third  first'><h3>Ihre Nachricht an uns<\/h3>\n\n<div class=\"wpcf7 no-js\" id=\"wpcf7-f6-o1\" lang=\"de-DE\" dir=\"ltr\" data-wpcf7-id=\"6\">\n<div class=\"screen-reader-response\"><p role=\"status\" aria-live=\"polite\" aria-atomic=\"true\"><\/p> <ul><\/ul><\/div>\n<form action=\"\/wordpress_mh\/wp-json\/wp\/v2\/pages\/2174#wpcf7-f6-o1\" method=\"post\" class=\"wpcf7-form init\" aria-label=\"Kontaktformular\" novalidate=\"novalidate\" data-status=\"init\">\n<fieldset class=\"hidden-fields-container\"><input type=\"hidden\" name=\"_wpcf7\" value=\"6\" \/><input type=\"hidden\" name=\"_wpcf7_version\" value=\"6.1\" \/><input type=\"hidden\" name=\"_wpcf7_locale\" value=\"de_DE\" \/><input type=\"hidden\" name=\"_wpcf7_unit_tag\" value=\"wpcf7-f6-o1\" \/><input type=\"hidden\" name=\"_wpcf7_container_post\" value=\"0\" \/><input type=\"hidden\" name=\"_wpcf7_posted_data_hash\" value=\"\" \/>\n<\/fieldset>\n<p>Ihr Name (Pflichtfeld)\n<\/p>\n<p><span class=\"wpcf7-form-control-wrap\" data-name=\"your-name\"><input size=\"40\" maxlength=\"400\" class=\"wpcf7-form-control wpcf7-text wpcf7-validates-as-required\" aria-required=\"true\" aria-invalid=\"false\" value=\"\" type=\"text\" name=\"your-name\" \/><\/span>\n<\/p>\n<p>Ihre E-Mail-Adresse (Pflichtfeld)\n<\/p>\n<p><span class=\"wpcf7-form-control-wrap\" data-name=\"your-email\"><input size=\"40\" maxlength=\"400\" class=\"wpcf7-form-control wpcf7-email wpcf7-validates-as-required wpcf7-text wpcf7-validates-as-email\" aria-required=\"true\" aria-invalid=\"false\" value=\"\" type=\"email\" name=\"your-email\" \/><\/span>\n<\/p>\n<p>Betreff\n<\/p>\n<p><span class=\"wpcf7-form-control-wrap\" data-name=\"your-subject\"><input size=\"40\" maxlength=\"400\" class=\"wpcf7-form-control wpcf7-text\" aria-invalid=\"false\" value=\"\" type=\"text\" name=\"your-subject\" \/><\/span>\n<\/p>\n<p>Ihre Nachricht\n<\/p>\n<p><span class=\"wpcf7-form-control-wrap\" data-name=\"your-message\"><textarea cols=\"40\" rows=\"10\" maxlength=\"2000\" class=\"wpcf7-form-control wpcf7-textarea\" aria-invalid=\"false\" name=\"your-message\"><\/textarea><\/span>\n<\/p>\n<p><input class=\"wpcf7-form-control wpcf7-submit has-spinner\" type=\"submit\" value=\"Senden\" \/>\n<\/p><div class=\"wpcf7-response-output\" aria-hidden=\"true\"><\/div>\n<\/form>\n<\/div><\/div>\n<div  class='column dt-sc-one-third  '><h3>Kontaktadresse<\/h3>\n<p class=\"dt-sc-contact-info address\"><i class='fa fa-pagelines'><\/i><span>Deepa Senarath<br>Gremberghovenerstr. 11<br>51149 K\u00f6ln<\/span><\/p>\n<p class=\"dt-sc-contact-info\"><i class='fa fa-envelope'><\/i>Email : <a href='mailto:info@mobile-haende.de'>info@mobile-haende.de<\/a><\/p>\n<p class=\"dt-sc-contact-info\"><i  class='fa fa-mobile-phone'><\/i>Mobil : <span>0160-96217723<\/span><\/p>\n<div class='dt-sc-hr-invisible-small  '><\/div>\n<div class=\"dt-sc-clear\"><\/div>\n<h3>M\u00f6chten Sie direkt einen Termin vereinbaren?<\/h3>\n<p>Das ist ganz einfach. Rufen Sie uns an oder schreiben Sie uns eine Mail. Sie k\u00f6nnen auch direkt online einen Termin buchen. Klicken Sie auf &#8222;Online Formular ausf\u00fcllen&#8220; und f\u00fcllen Sie dann das Formular aus. Hier sehen sofort ob ihr Wunschtermin frei ist oder\u00a0welche alternativen Termine wir anbieten k\u00f6nnen.<\/p>\n<div class=\"dt-sc-appointment\"><p class=\"dt-sc-contact-info\"><i class='fa fa-phone'><\/i>Telefon : <span>0160-96217723<\/span><\/p>\n<p class=\"dt-sc-contact-info\"><i class='fa fa-envelope'><\/i>Email : <a href='mailto:info@mobile-haende.de'>info@mobile-haende.de<\/a><\/p><\/div><\/div>\n","protected":false},"excerpt":{"rendered":"","protected":false},"author":1,"featured_media":0,"parent":0,"menu_order":0,"comment_status":"open","ping_status":"closed","template":"","meta":{"footnotes":""},"class_list":["post-2174","page","type-page","status-publish","hentry"],"_links":{"self":[{"href":"https:\/\/mobile-h\u00e4nde.de\/wordpress_mh\/wp-json\/wp\/v2\/pages\/2174","targetHints":{"allow":["GET"]}}],"collection":[{"href":"https:\/\/mobile-h\u00e4nde.de\/wordpress_mh\/wp-json\/wp\/v2\/pages"}],"about":[{"href":"https:\/\/mobile-h\u00e4nde.de\/wordpress_mh\/wp-json\/wp\/v2\/types\/page"}],"author":[{"embeddable":true,"href":"https:\/\/mobile-h\u00e4nde.de\/wordpress_mh\/wp-json\/wp\/v2\/users\/1"}],"replies":[{"embeddable":true,"href":"https:\/\/mobile-h\u00e4nde.de\/wordpress_mh\/wp-json\/wp\/v2\/comments?post=2174"}],"version-history":[{"count":17,"href":"https:\/\/mobile-h\u00e4nde.de\/wordpress_mh\/wp-json\/wp\/v2\/pages\/2174\/revisions"}],"predecessor-version":[{"id":7023,"href":"https:\/\/mobile-h\u00e4nde.de\/wordpress_mh\/wp-json\/wp\/v2\/pages\/2174\/revisions\/7023"}],"wp:attachment":[{"href":"https:\/\/mobile-h\u00e4nde.de\/wordpress_mh\/wp-json\/wp\/v2\/media?parent=2174"}],"curies":[{"name":"wp","href":"https:\/\/api.w.org\/{rel}","templated":true}]}}