{"id":4942,"date":"2014-07-28T13:15:53","date_gmt":"2014-07-28T13:15:53","guid":{"rendered":"http:\/\/wedesignthemes.com\/themes\/dt-spalab\/?page_id=8"},"modified":"2022-10-24T13:12:42","modified_gmt":"2022-10-24T11:12:42","slug":"home-page-ii","status":"publish","type":"page","link":"https:\/\/mobile-h\u00e4nde.de\/wordpress_mh\/home-page-ii\/","title":{"rendered":"Willkommen"},"content":{"rendered":"<div class='fullwidth-section  '  style=\"background-repeat:no-repeat;background-position:left top;padding-bottom:10px;\">  <div class=\"fullwidth-bg\">\t<div class=\"container\"><div class='dt-sc-hr-invisible-small  '><\/div>\n<div class=\"dt-sc-clear\"><\/div>\n<div  class='column dt-sc-one-half  first'><img loading=\"lazy\" decoding=\"async\" class=\"wp-image-6100 aligncenter\" src=\"http:\/\/deepa-senarath.de\/wordpress_mh\/wp-content\/uploads\/2016\/07\/Deepa_senarath_1-200x300.jpg\" alt=\"Deepa_senarath_1\" width=\"400\" height=\"600\" srcset=\"https:\/\/mobile-h\u00e4nde.de\/wp-content\/uploads\/2016\/07\/Deepa_senarath_1-200x300.jpg 200w, https:\/\/mobile-h\u00e4nde.de\/wp-content\/uploads\/2016\/07\/Deepa_senarath_1-768x1152.jpg 768w, https:\/\/mobile-h\u00e4nde.de\/wp-content\/uploads\/2016\/07\/Deepa_senarath_1-682x1024.jpg 682w, https:\/\/mobile-h\u00e4nde.de\/wp-content\/uploads\/2016\/07\/Deepa_senarath_1.jpg 913w\" sizes=\"auto, (max-width: 400px) 100vw, 400px\" \/>\n<p style=\"text-align: center;\">Ihr Masseur <a href=\"http:\/\/deepa-senarath.de\/wordpress_mh\/masseur\/\">Deepa Senarath<\/a><\/p>\n<img loading=\"lazy\" decoding=\"async\" class=\"wp-image-6529 size-full aligncenter\" src=\"http:\/\/mobile-h\u00e4nde.de\/wp-content\/uploads\/2016\/10\/Logo_MH.png\" alt=\"\" width=\"300\" height=\"124\" \/>\n<div class='dt-sc-hr-invisible-small  '><\/div>\n<div class=\"dt-sc-clear\"><\/div>\n<div class='dt-sc-hr-invisible-small  '><\/div>\n<div class=\"dt-sc-clear\"><\/div><\/div>\n<div  class='column dt-sc-one-half  '><h2><b><b>Mobile Medizinische Massage &#8211; ganz bequem bei Ihnen vor Ort\n<\/b><\/b><b>zu Hause \u2013 am Arbeitsplatz \u2013 im Hotel \u2013 bei Events<\/b><\/h2>\n<p>Hier erhalten Sie Informationen zu den Massagen, die wir mobil bei Ihnen zu Hause, am Arbeitsplatz oder bei Events anbieten.<\/p>\n<p style=\"text-align: left;\" align=\"center\">Wir sind auch gerne an Wochenenden und Feiertagen f\u00fcr Sie da!<\/p>\n<p style=\"text-align: left;\">G\u00f6nnen Sie Ihrem K\u00f6rper und Ihrer Seele eine Auszeit vom Alltagsstress.\u00a0Genie\u00dfen Sie die unterschiedlichen Massagetechniken\u00a0und begeben Sie sich in die H\u00e4nde eines Profis mit langj\u00e4hriger Erfahrung.\nNehmen Sie sich Zeit zum Entspannen und verbessern Sie Ihre Leistungsf\u00e4higkeit &#8211; privat und\/oder beruflich.<\/p>\n<p>Genie\u00dfen Sie die Vorteile der Mobilen Medizinischen Massage in Ihrem gew\u00fcnschten Umfeld \u2013 zu Hause oder am Arbeitsplatz! Sie sparen Zeit und haben keine Anfahrtswege, m\u00fcssen keinen Parkplatz suchen und sparen die Parkgeb\u00fchren.<\/p>\n<p>Ob verspannt von einer langen Reise, gestresst von der Arbeit oder Muskelkater nach dem Sport &#8211; eine Massage w\u00e4re jetzt auf jeden Fall ein absoluter Traum? Am besten mit duftenden Aroma-\u00d6len und am allerbesten direkt zu Hause.<\/p>\n<p>Ach ja, ein Traum eben\u2026-jetzt nicht mehr! Wir kommen und helfen Ihnen gerne!<\/p>\n<p>In der gewohnten h\u00e4uslichen Umgebung genie\u00dft man jede Massage noch mehr und entspannt schnell und langanhaltend. Auch am Arbeitsplatz k\u00f6nnen Massagen durchgef\u00fchrt werden. Lassen Sie sich von allen Verspannungen befreien.<\/p>\n<p>F\u00fcr die Anfahrt berechnen wir 0,50 \u20ac pro Kilometer, ab 3 Personen ist die Anfahrt inklusive.<\/p>\n<p>Handt\u00fccher, Entspannungsmusik, Massagebank und\/oder Massagestuhl bringen wir mit.<\/p>\n<div class='dt-sc-hr-invisible-small  '><\/div>\n<div class=\"dt-sc-clear\"><\/div><\/div>\n<div class='dt-sc-hr-medium '><\/div>\n<div  class='column dt-sc-one-half  first'><div class='dt-sc-titled-box  orange '><h6 class='dt-sc-titled-box-title' >  Terminanfrage<\/h6><div class='dt-sc-titled-box-content'>Sie m\u00f6chten einen Termin vereinbaren? Online ist das gerade nicht m\u00f6gliche. Bitte rufen Sie mich einfach an: 0160-962177231<\/div><\/div><\/div>\n<div  class='column dt-sc-one-half  '><div class='dt-sc-titled-box  orange '><h6 class='dt-sc-titled-box-title' >  Preise<\/h6><div class='dt-sc-titled-box-content'>F\u00fcr die Anfahrt berechnen wir 0,50 \u20ac pro Kilometer, ab 3 Personen ist die Anfahrt inklusive.Wir bringen alles mit, was wir brauchen (Handt\u00fccher, Massage\u00f6le und eine Massageliege).<\/div><\/div>\n<ul class='dt-sc-fancy-list   arrow'>\n<li>30 Minuten \/ 50,00 \u20ac<\/li>\n<li>60 Minuten \/ 80,00 \u20ac<\/li>\n<li>F\u00fcr Gruppen gibt es Sonderpreise<\/li>\n<li><a href=\"http:\/\/deepa-senarath.de\/wordpress_mh\/angebot-anfordern\/\" target=\"_blank\" rel=\"noopener noreferrer\">Angebot anfordern (Formular)<\/a><\/li>\n<\/ul>\n<h5 class='dark-title'><span>Leistungen inklusive:<\/span><\/h5>\n<ul class='dt-sc-numbered-list'>\n<li><span>1<\/span>Massage bei Ihnen (zu Hause, in der Firma, bei Events&#8230;)<\/li>\n<li><span>3<\/span>Hochwertige Massage\u00f6le<\/li>\n<li><span>3<\/span>Handt\u00fccher<\/li>\n<li><span>3<\/span>Massageliege<\/li>\n<li><span>3<\/span>Wellnesspaket (auf Wunsch)<\/li>\n<\/ul><\/div>\t<\/div>  <\/div><\/div>\n","protected":false},"excerpt":{"rendered":"","protected":false},"author":1,"featured_media":0,"parent":0,"menu_order":0,"comment_status":"open","ping_status":"open","template":"tpl-fullwidth.php","meta":{"footnotes":""},"class_list":["post-4942","page","type-page","status-publish","hentry"],"_links":{"self":[{"href":"https:\/\/mobile-h\u00e4nde.de\/wordpress_mh\/wp-json\/wp\/v2\/pages\/4942","targetHints":{"allow":["GET"]}}],"collection":[{"href":"https:\/\/mobile-h\u00e4nde.de\/wordpress_mh\/wp-json\/wp\/v2\/pages"}],"about":[{"href":"https:\/\/mobile-h\u00e4nde.de\/wordpress_mh\/wp-json\/wp\/v2\/types\/page"}],"author":[{"embeddable":true,"href":"https:\/\/mobile-h\u00e4nde.de\/wordpress_mh\/wp-json\/wp\/v2\/users\/1"}],"replies":[{"embeddable":true,"href":"https:\/\/mobile-h\u00e4nde.de\/wordpress_mh\/wp-json\/wp\/v2\/comments?post=4942"}],"version-history":[{"count":75,"href":"https:\/\/mobile-h\u00e4nde.de\/wordpress_mh\/wp-json\/wp\/v2\/pages\/4942\/revisions"}],"predecessor-version":[{"id":7169,"href":"https:\/\/mobile-h\u00e4nde.de\/wordpress_mh\/wp-json\/wp\/v2\/pages\/4942\/revisions\/7169"}],"wp:attachment":[{"href":"https:\/\/mobile-h\u00e4nde.de\/wordpress_mh\/wp-json\/wp\/v2\/media?parent=4942"}],"curies":[{"name":"wp","href":"https:\/\/api.w.org\/{rel}","templated":true}]}}