{"id":6321,"date":"2016-07-27T11:50:27","date_gmt":"2016-07-27T09:50:27","guid":{"rendered":"http:\/\/deepa-senarath.de\/wordpress_mh\/?page_id=6321"},"modified":"2022-10-24T12:04:13","modified_gmt":"2022-10-24T10:04:13","slug":"bonuskarte-12","status":"publish","type":"page","link":"https:\/\/mobile-h\u00e4nde.de\/wordpress_mh\/bonuskarte-12\/","title":{"rendered":"Bonuskarte 12 x 30 Minuten"},"content":{"rendered":"<div class='dt-sc-hr-invisible-small  '><\/div>\n<div class='dt-sc-hr-invisible-small  '><\/div>\n<div class=\"dt-sc-clear\"><\/div>\n<div class='dt-sc-hr-invisible-small  '><\/div>\n<div  class='column dt-sc-one-half  first'><p><img loading=\"lazy\" decoding=\"async\" class=\"alignnone wp-image-6687 size-full\" src=\"http:\/\/deepa-senarath.de\/wordpress_mh\/wp-content\/uploads\/2016\/07\/bonuskarte_12_x_30.png\" width=\"500\" height=\"350\" srcset=\"https:\/\/mobile-h\u00e4nde.de\/wp-content\/uploads\/2016\/07\/bonuskarte_12_x_30.png 500w, https:\/\/mobile-h\u00e4nde.de\/wp-content\/uploads\/2016\/07\/bonuskarte_12_x_30-300x210.png 300w\" sizes=\"auto, (max-width: 500px) 100vw, 500px\" \/>\n<div class=\"dt-sc-clear\"><\/div><\/div>\n<div  class='column dt-sc-one-half  '><p>Sie m\u00f6chten regelm\u00e4\u00dfig unsere Massagen in Anspruch nehmen und Ihrem K\u00f6rper und Ihrer Seele etwas Gutes g\u00f6nnen? Dann profitieren Sie von unseren Bonuskarten und sparen Sie je nach Karte bis zu 50 \u20ac!<\/p>\n<p>F\u00fcr die Anfahrt berechnen wir 0,50 \u20ac pro Kilometer, ab 3 Personen ist die Anfahrt inklusive.<\/p>\n<p>Handt\u00fccher, Entspannungsmusik, Massagebank und\/oder Massagestuhl bringen wir mit.<\/p>\n<h2><\/h2>\n<div class='dt-sc-hr-invisible-small  '><\/div>\n<div class=\"dt-sc-clear\"><\/div>\n<p>Bitte kontaktieren Sie uns telefonisch oder per E-Mail, wenn Sie einen Gutschein oder eine Bonus-Karte erwerben m\u00f6chten.<\/div>\n<div class='dt-sc-hr-medium '><\/div>\n","protected":false},"excerpt":{"rendered":"","protected":false},"author":1,"featured_media":0,"parent":0,"menu_order":0,"comment_status":"closed","ping_status":"closed","template":"","meta":{"footnotes":""},"class_list":["post-6321","page","type-page","status-publish","hentry"],"_links":{"self":[{"href":"https:\/\/mobile-h\u00e4nde.de\/wordpress_mh\/wp-json\/wp\/v2\/pages\/6321","targetHints":{"allow":["GET"]}}],"collection":[{"href":"https:\/\/mobile-h\u00e4nde.de\/wordpress_mh\/wp-json\/wp\/v2\/pages"}],"about":[{"href":"https:\/\/mobile-h\u00e4nde.de\/wordpress_mh\/wp-json\/wp\/v2\/types\/page"}],"author":[{"embeddable":true,"href":"https:\/\/mobile-h\u00e4nde.de\/wordpress_mh\/wp-json\/wp\/v2\/users\/1"}],"replies":[{"embeddable":true,"href":"https:\/\/mobile-h\u00e4nde.de\/wordpress_mh\/wp-json\/wp\/v2\/comments?post=6321"}],"version-history":[{"count":50,"href":"https:\/\/mobile-h\u00e4nde.de\/wordpress_mh\/wp-json\/wp\/v2\/pages\/6321\/revisions"}],"predecessor-version":[{"id":7158,"href":"https:\/\/mobile-h\u00e4nde.de\/wordpress_mh\/wp-json\/wp\/v2\/pages\/6321\/revisions\/7158"}],"wp:attachment":[{"href":"https:\/\/mobile-h\u00e4nde.de\/wordpress_mh\/wp-json\/wp\/v2\/media?parent=6321"}],"curies":[{"name":"wp","href":"https:\/\/api.w.org\/{rel}","templated":true}]}}