{"id":6741,"date":"2016-11-22T22:48:30","date_gmt":"2016-11-22T21:48:30","guid":{"rendered":"http:\/\/deepa-senarath.de\/wordpress_mh\/?page_id=6741"},"modified":"2017-01-02T13:23:31","modified_gmt":"2017-01-02T12:23:31","slug":"freundinnenabend","status":"publish","type":"page","link":"https:\/\/mobile-h\u00e4nde.de\/wordpress_mh\/freundinnenabend\/","title":{"rendered":"Freundinnenabend"},"content":{"rendered":"<div class='fullwidth-section  '  style=\"background-repeat:no-repeat;background-position:left top;padding-bottom:10px;\">  <div class=\"fullwidth-bg\">\t<div class=\"container\">\t<\/div>  <\/div><\/div>\n<div class='dt-sc-hr-invisible-small  '><\/div>\n<div class=\"dt-sc-clear\"><\/div>\n<div  class='column dt-sc-one-half  first'><img loading=\"lazy\" decoding=\"async\" class=\"alignnone size-full wp-image-6891\" src=\"http:\/\/mobile-h\u00e4nde.de\/wp-content\/uploads\/2016\/12\/Freundinnenabend.jpg\" alt=\"freundinnenabend\" width=\"598\" height=\"393\" srcset=\"https:\/\/mobile-h\u00e4nde.de\/wp-content\/uploads\/2016\/12\/Freundinnenabend.jpg 598w, https:\/\/mobile-h\u00e4nde.de\/wp-content\/uploads\/2016\/12\/Freundinnenabend-300x197.jpg 300w\" sizes=\"auto, (max-width: 598px) 100vw, 598px\" \/>\n<a href=\"http:\/\/deepa-senarath.de\/wordpress_mh\/appointments\/\"><img loading=\"lazy\" decoding=\"async\" class=\"alignnone wp-image-6807\" src=\"http:\/\/deepa-senarath.de\/wordpress_mh\/wp-content\/uploads\/2016\/11\/Freundinnenabend_2.jpg\" alt=\"freundinnenabend_2\" width=\"597\" height=\"393\" srcset=\"https:\/\/mobile-h\u00e4nde.de\/wp-content\/uploads\/2016\/11\/Freundinnenabend_2.jpg 598w, https:\/\/mobile-h\u00e4nde.de\/wp-content\/uploads\/2016\/11\/Freundinnenabend_2-300x197.jpg 300w\" sizes=\"auto, (max-width: 597px) 100vw, 597px\" \/><\/a>\n<p>&nbsp;<\/p>\n<div class='dt-sc-hr-invisible-small  '><\/div>\n<div class=\"dt-sc-clear\"><\/div>\n<div class='dt-sc-hr-invisible-small  '><\/div>\n<div class=\"dt-sc-clear\"><\/div><\/div>\n<div  class='column dt-sc-one-half  '><h2><\/h2>\n<h2><b><b><\/b><\/b><strong>Eine tolle Idee!<\/strong><\/h2>\n<p>Sie m\u00f6chten von unseren Gruppenangeboten profitieren? Ganz einfach! Laden Sie ein paar Freundinnen zu einem M\u00e4delsabend ein! Bei einem Glas Wein und kleinen Naschereien kann man in Ruhe quatschen und sich nebenbei mit einer Massage von einem anstrengenden Arbeitstag erholen.<\/p>\n<p>Hierf\u00fcr wird ein Raum ben\u00f6tigt, in dem die Massageliege aufgebaut und die Massage durchgef\u00fchrt werden kann. So k\u00f6nnen nacheinander alle in Ruhe massiert werden und die anderen G\u00e4ste k\u00f6nnen sich im Nebenraum unterhalten.<\/p>\n<p><strong>Dieses Angebot gilt f\u00fcr 4 Personen und kostet 80 \u20ac. <\/strong><\/p>\n<p><strong>Behandlungsdauer pro Person 20 Minuten f\u00fcr eine individuelle Massage.<\/strong><\/p>\n<p>&nbsp;<\/p>\n<p><em>\u201eDer Freundinnenabend ist bei uns inzwischen alle 2 Wochen fest eingeplant! Manchmal muss Deepa \u00dcberstunden machen, weil wir meistens mehr als 4 Personen sind!\u201c (Claudia aus K\u00f6ln)<\/em><\/p>\n<p><em>\u00a0<\/em><\/p>\n<p><em>\u201eEine geniale Idee! Wir sitzen gem\u00fctlich zusammen und quatschen, nebenan lassen wir uns dann die Verspannungen des Tages vertreiben und das alles in gem\u00fctlicher Atmosph\u00e4re mit Menschen, die man mag!\u201c (Ute aus K\u00f6ln)<\/em><\/p>\n<div class='dt-sc-hr-invisible-small  '><\/div>\n<div class=\"dt-sc-clear\"><\/div><\/div>\n","protected":false},"excerpt":{"rendered":"","protected":false},"author":1,"featured_media":0,"parent":0,"menu_order":0,"comment_status":"closed","ping_status":"closed","template":"","meta":{"footnotes":""},"class_list":["post-6741","page","type-page","status-publish","hentry"],"_links":{"self":[{"href":"https:\/\/mobile-h\u00e4nde.de\/wordpress_mh\/wp-json\/wp\/v2\/pages\/6741","targetHints":{"allow":["GET"]}}],"collection":[{"href":"https:\/\/mobile-h\u00e4nde.de\/wordpress_mh\/wp-json\/wp\/v2\/pages"}],"about":[{"href":"https:\/\/mobile-h\u00e4nde.de\/wordpress_mh\/wp-json\/wp\/v2\/types\/page"}],"author":[{"embeddable":true,"href":"https:\/\/mobile-h\u00e4nde.de\/wordpress_mh\/wp-json\/wp\/v2\/users\/1"}],"replies":[{"embeddable":true,"href":"https:\/\/mobile-h\u00e4nde.de\/wordpress_mh\/wp-json\/wp\/v2\/comments?post=6741"}],"version-history":[{"count":18,"href":"https:\/\/mobile-h\u00e4nde.de\/wordpress_mh\/wp-json\/wp\/v2\/pages\/6741\/revisions"}],"predecessor-version":[{"id":7034,"href":"https:\/\/mobile-h\u00e4nde.de\/wordpress_mh\/wp-json\/wp\/v2\/pages\/6741\/revisions\/7034"}],"wp:attachment":[{"href":"https:\/\/mobile-h\u00e4nde.de\/wordpress_mh\/wp-json\/wp\/v2\/media?parent=6741"}],"curies":[{"name":"wp","href":"https:\/\/api.w.org\/{rel}","templated":true}]}}