{"id":6751,"date":"2016-11-22T23:04:40","date_gmt":"2016-11-22T22:04:40","guid":{"rendered":"http:\/\/deepa-senarath.de\/wordpress_mh\/?page_id=6751"},"modified":"2022-10-24T12:09:32","modified_gmt":"2022-10-24T10:09:32","slug":"kopfschmerztherapie","status":"publish","type":"page","link":"https:\/\/mobile-h\u00e4nde.de\/wordpress_mh\/kopfschmerztherapie\/","title":{"rendered":"Kopfschmerztherapie"},"content":{"rendered":"<div class='dt-sc-hr-invisible-small  '><\/div>\n<div class=\"dt-sc-clear\"><\/div>\n<div  class='column dt-sc-one-half  first'><div id=\"grid-gallery-3-30289\" data-gg-id=\"3\" data-title=\"AKUPRESSUR\" data-grid-type=\"3\" data-offset=\"20.3\" data-area-position=\"left\" data-icons=\"\" data-preloader=\"true\" data-width=\"300\" data-height=\"300\" data-padding=\"0\" data-quicksand=\"disabled\" data-quicksand-duration=\"none\" data-popup-theme=\"theme_6\" data-popup-type=\"pretty-photo\" data-columns-number=\"2\" data-popup-image-text=\"title\" data-popup-widthsize=\"auto\" data-popup-heightsize=\"auto\" data-popup-i18n-words=\"{&quot;close&quot;:&quot;schlie\\u00dfen&quot;,&quot;next&quot;:&quot;n\\u00e4chste&quot;,&quot;previous&quot;:&quot;vorherige&quot;,&quot;start_slideshow&quot;:&quot;Starte Slideshow&quot;,&quot;stop_slideshow&quot;:&quot;Stoppe Slideshow&quot;,&quot;image&quot;:&quot;Bild&quot;,&quot;of&quot;:&quot;von&quot;,&quot;prev&quot;:&quot;vorherige&quot;,&quot;cExpand&quot;:&quot;Erweitere&quot;,&quot;cPrevious&quot;:&quot;Vorheriges&quot;,&quot;cNext&quot;:&quot;N\\u00e4chstes&quot;,&quot;cExpandStr&quot;:&quot;Erweitere Bild&quot;,&quot;cRotate&quot;:&quot;Rotate&quot;,&quot;cDetails&quot;:&quot;Details&quot;}\" data-popup-slideshow=\"false\" data-popup-slideshow-speed=\"2500\" data-popup-hoverstop=\"false\" data-popup-slideshow-auto=\"false\" data-popup-background=\"\" data-popup-transparency=\"30\" data-popup-disable-history=\"\" data-popup-disable-changed-url=\"\" data-popup-border-type=\"\" data-popup-border-color=\"\" data-popup-border-width=\"\" data-popup-border-enable=\"\" data-fullscreen=\"false\" data-hide-tooltip=\"false\" data-caption-font-family=\"Inika\" data-caption-text-size=\"300\" data-is-mobile=\"0\" data-caption-mobile=\"false\" data-hide-long-tltp-title=\"0\" data-caption-disabled-on-mobile=\"false\" data-responsive-colums=\"{&quot;desktop&quot;:{&quot;width&quot;:&quot;1200&quot;,&quot;columns&quot;:&quot;3&quot;},&quot;tablet&quot;:{&quot;width&quot;:&quot;768&quot;,&quot;columns&quot;:&quot;3&quot;},&quot;mobile&quot;:{&quot;width&quot;:&quot;320&quot;,&quot;columns&quot;:&quot;3&quot;}}\" data-popup-placement-type=\"0\" data-social-sharing=\"{&quot;enabled&quot;:&quot;&quot;,&quot;gallerySharing&quot;:{&quot;enabled&quot;:null,&quot;position&quot;:null},&quot;imageSharing&quot;:{&quot;enabled&quot;:null,&quot;wrapperClass&quot;:&quot; vertical &quot;},&quot;popupSharing&quot;:{&quot;enabled&quot;:null,&quot;wrapperClass&quot;:&quot; vertical &quot;}}\" class=\"grid-gallery grid-gallery-fixed \" style=\" width:5000; height:auto; float: left;position:relative;\"> <div class=\"gallery-loading\"> <div class=\"blocks\"> <div class=\"block\"><\/div> <div class=\"block\"><\/div> <div class=\"block\"><\/div> <div class=\"block\"><\/div> <\/div> <\/div> <div class=\"gallery-sharing-top\" style=\"display:none;\"> <\/div> <div id=\"photos-3\" class=\"grid-gallery-photos\"><FIGURE class=\"grid-gallery-caption\" data-grid-gallery-type=\"half-slide\" data-index=\"0\" style=\"display:none;border-radius:00;; margin:20.3px; width:3000;\" ><div class=\"crop\" style=\" width:3000; height:3000; overflow:hidden;\"><img decoding=\"async\" src=\"http:\/\/mobile-h\u00e4nde.de\/wp-content\/uploads\/2016\/11\/Akkupressur_2_300_300-300x300.jpg\" class=\"ggImg ggNotInitImg\" alt=\"akupressur_2_300_300\" title=\"akupressur_2_300_300\" data-description=\"akupressur_2_300_300\" data-caption=\"akupressur_2_300_300\" data-title=\"akupressur_2_300_300\" style=\" width:300px; height:300px;\" \/><\/div><FIGCAPTION class=\"\" data-alpha=\"8\" style=\"color:#000000; background-color:#dd9d3e; font-size:300; text-align:left; font-family:Inika;\" ><div class=\"grid-gallery-figcaption-wrap\" style=\"\"><\/div><\/FIGCAPTION><\/FIGURE><FIGURE class=\"grid-gallery-caption\" data-grid-gallery-type=\"half-slide\" data-index=\"1\" style=\"display:none;border-radius:00;; margin:20.3px; width:3000;\" ><div class=\"crop\" style=\" width:3000; height:3000; overflow:hidden;\"><img decoding=\"async\" src=\"http:\/\/mobile-h\u00e4nde.de\/wp-content\/uploads\/2016\/11\/Akkupressur_1_300_300-300x300.jpg\" class=\"ggImg ggNotInitImg\" alt=\"fu\u00dfreflexzonen_1_300_300\" title=\"fu\u00dfreflexzonen_1_300_300\" data-description=\"fu\u00dfreflexzonen_1_300_300\" data-caption=\"fu\u00dfreflexzonen_1_300_300\" data-title=\"fu\u00dfreflexzonen_1_300_300\" style=\" width:300px; height:300px;\" \/><\/div><FIGCAPTION class=\"\" data-alpha=\"8\" style=\"color:#000000; background-color:#dd9d3e; font-size:300; text-align:left; font-family:Inika;\" ><div class=\"grid-gallery-figcaption-wrap\" style=\"\"><\/div><\/FIGCAPTION><\/FIGURE> <div class=\"grid-gallery-clearfix\"><\/div> <\/div> <div class=\"gallery-sharing-bottom\" style=\"display:none;\"> <\/div> <div class=\"gallery-sharing-image\" style=\"display:none;\"> <\/div> <div class=\"gallery-sharing-popup\" style=\"display:none;\"> <\/div> <div class=\"grid-gallery-clearfix\"><\/div> <\/div> <!-- Gallery by Supsystic plugin1.15.31 --><a title=\"Gallery Wordpress\" style=\"display:none;\" href=\"https:\/\/supsystic.com\/plugins\/photo-gallery\/?utm_medium=love_link\" target=\"_blank\">Gallery Wordpress<\/a>\n<div class='dt-sc-hr-invisible-small  '><\/div>\n<div class=\"dt-sc-clear\"><\/div>\n<h5 class='dark-title'><span>weitere Massagen:<\/span><\/h5>\n<ul class='dt-sc-fancy-list type2'>\n<li><i class=\"fa fa-leaf\"><\/i> <a href=\"https:\/\/mobile-h\u00e4nde.de\/wordpress_mh\/aromatherapie\/\">Aromatherapie<\/a><\/li>\n<li><i class=\"fa fa-leaf\"><\/i> <a href=\"https:\/\/mobile-h\u00e4nde.de\/wordpress_mh\/ayurveda\/\">Ayurveda<\/a><\/li>\n<li><i class=\"fa fa-leaf\"><\/i> <a href=\"https:\/\/mobile-h\u00e4nde.de\/wordpress_mh\/fussreflexzonenmassage\/\">Fu\u00dfreflexzonenmassage<\/a><\/li>\n<li><i class=\"fa fa-leaf\"><\/i> <a href=\"https:\/\/mobile-h\u00e4nde.de\/wordpress_mh\/ganzkoerpermassage\/\">Ganzk\u00f6rpermassage<\/a><\/li>\n<li><i class=\"fa fa-leaf\"><\/i> <a href=\"https:\/\/mobile-h\u00e4nde.de\/wordpress_mh\/shiatsu_massage\/\">Shiatsu Massage<\/a><\/li>\n<li><i class=\"fa fa-leaf\"><\/i>\u00a0<a href=\"https:\/\/mobile-h\u00e4nde.de\/wordpress_mh\/individuelle_massage\/\">Individuelle Massage<\/a><\/li>\n<\/ul>\n<div class='dt-sc-hr-invisible-small  '><\/div>\n<div class=\"dt-sc-clear\"><\/div><\/div>\n<div  class='column dt-sc-one-half  '><p><strong>Endlich keine Kopfschmerzen mehr!<\/strong><\/p>\n<p>Die <strong>Migr\u00e4ne- und Kopfschmerztherapie<\/strong> ist auf die spezielle Behandlung des Kopfbereiches ausgerichtet. Hierbei werden Gesicht, Hinterkopf und Nackenbereich behandelt. Der Therapeut arbeitet mit Akupressur und durch die Streckung der Halswirbel k\u00f6nnen Energieblockaden aufgel\u00f6st werden, was dazu f\u00fchren kann, dass der Patient bei der Migr\u00e4ne- und Kopfschmerztherapie in k\u00fcrzester Zeit meist v\u00f6llig schmerzfrei ist.<\/p>\n<p>Empfohlene Behandlungsdauer: 30 Minuten<\/p>\n<p><strong>\u00a0<\/strong><\/p>\n<div class='dt-sc-hr-invisible-small  '><\/div>\n<div class=\"dt-sc-clear\"><\/div><\/div>\n<div class='dt-sc-hr-medium '><\/div>\n<div  class='column dt-sc-one-half  first'><div class='dt-sc-titled-box  orange '><h6 class='dt-sc-titled-box-title' >  Terminanfrage<\/h6><div class='dt-sc-titled-box-content'>Sie m\u00f6chten einen Termin vereinbaren? Dann f\u00fcllen Sie einfach das folgende Formular aus. Die Anfrage bearbeiten wir sofort oder innerhalb von maximal 24 Stunden.\u00a0<\/div><\/div>\n\n<div class=\"wpcf7 no-js\" id=\"wpcf7-f4088-o1\" lang=\"en-US\" dir=\"ltr\" data-wpcf7-id=\"4088\">\n<div class=\"screen-reader-response\"><p role=\"status\" aria-live=\"polite\" aria-atomic=\"true\"><\/p> <ul><\/ul><\/div>\n<form action=\"\/wordpress_mh\/wp-json\/wp\/v2\/pages\/6751#wpcf7-f4088-o1\" method=\"post\" class=\"wpcf7-form init\" aria-label=\"Contact form\" novalidate=\"novalidate\" data-status=\"init\">\n<fieldset class=\"hidden-fields-container\"><input type=\"hidden\" name=\"_wpcf7\" value=\"4088\" \/><input type=\"hidden\" name=\"_wpcf7_version\" value=\"6.1\" \/><input type=\"hidden\" name=\"_wpcf7_locale\" value=\"en_US\" \/><input type=\"hidden\" name=\"_wpcf7_unit_tag\" value=\"wpcf7-f4088-o1\" \/><input type=\"hidden\" name=\"_wpcf7_container_post\" value=\"0\" \/><input type=\"hidden\" name=\"_wpcf7_posted_data_hash\" value=\"\" \/>\n<\/fieldset>\n<p>Welche Massage w\u00fcnschen Sie?\n<span class=\"wpcf7-form-control-wrap\" data-name=\"department-field\"><select class=\"wpcf7-form-control wpcf7-select\" aria-invalid=\"false\" name=\"department-field\"><option value=\"W\u00e4hlen Sie eine Massage\">W\u00e4hlen Sie eine Massage<\/option><option value=\"Akupressur\">Akupressur<\/option><option value=\"Aromatherapie\">Aromatherapie<\/option><option value=\"Ayurveda\">Ayurveda<\/option><option value=\"Fu\u00dfreflexzonenmassage\">Fu\u00dfreflexzonenmassage<\/option><option value=\"Klassische Medizinische Massage\">Klassische Medizinische Massage<\/option><option value=\"Shiatsu Massage\">Shiatsu Massage<\/option><option value=\"Individuelle Massage\">Individuelle Massage<\/option><option value=\"Kopfschmerztherapie\">Kopfschmerztherapie<\/option><option value=\"Unklar (Bitte beraten Sie mich)\">Unklar (Bitte beraten Sie mich)<\/option><\/select><\/span>\n<\/p>\n<div class=\"clear\">\n<\/div>\n<div class=\"hr-invisible-very-small\">\n<\/div>\n<div class=\"column dt-sc-one-half first\">\n\t<p>Ihr Wunschtermin\n<span class=\"wpcf7-form-control-wrap\" data-name=\"datum-text\"><input size=\"40\" maxlength=\"400\" class=\"wpcf7-form-control wpcf7-text wpcf7-validates-as-required\" aria-required=\"true\" aria-invalid=\"false\" placeholder=\"15.12.2016\" value=\"\" type=\"text\" name=\"datum-text\" \/><\/span>\n\t<\/p>\n<\/div>\n<div class=\"column dt-sc-one-half first\">\n\t<div class=\"hr-invisible-very-small\">\n\t<\/div>\n\t<div class=\"hr-invisible-small\">\n\t<\/div>\n\t<p>Pers\u00f6nliche Angaben:\n<span class=\"wpcf7-form-control-wrap\" data-name=\"sex-field\"><span class=\"wpcf7-form-control wpcf7-radio\"><span class=\"wpcf7-list-item first\"><input type=\"radio\" name=\"sex-field\" value=\"Herr\" \/><span class=\"wpcf7-list-item-label\">Herr<\/span><\/span><span class=\"wpcf7-list-item last\"><input type=\"radio\" name=\"sex-field\" value=\"Frau\" \/><span class=\"wpcf7-list-item-label\">Frau<\/span><\/span><\/span><\/span>\n\t<\/p>\n<\/div>\n<div class=\"column dt-sc-one-half first\">\n\t<p><span class=\"wpcf7-form-control-wrap\" data-name=\"your-fname\"><input size=\"40\" maxlength=\"400\" class=\"wpcf7-form-control wpcf7-text wpcf7-validates-as-required\" aria-required=\"true\" aria-invalid=\"false\" placeholder=\"Vorname  (Pflichtangabe)\" value=\"\" type=\"text\" name=\"your-fname\" \/><\/span>\n\t<\/p>\n<\/div>\n<div class=\"column dt-sc-one-half\">\n\t<p><span class=\"wpcf7-form-control-wrap\" data-name=\"your-lname\"><input size=\"40\" maxlength=\"400\" class=\"wpcf7-form-control wpcf7-text wpcf7-validates-as-required\" aria-required=\"true\" aria-invalid=\"false\" placeholder=\"Nachname  (Pflichtangabe)\" value=\"\" type=\"text\" name=\"your-lname\" \/><\/span>\n\t<\/p>\n<\/div>\n<div class=\"clear\">\n<\/div>\n<div class=\"hr-invisible-very-small\">\n<\/div>\n<div class=\"column dt-sc-one-half first\">\n\t<p><span class=\"wpcf7-form-control-wrap\" data-name=\"email-id\"><input size=\"40\" maxlength=\"400\" class=\"wpcf7-form-control wpcf7-email wpcf7-validates-as-required wpcf7-text wpcf7-validates-as-email\" aria-required=\"true\" aria-invalid=\"false\" placeholder=\"Ihre Email  (Pflichtangabe)\" value=\"\" type=\"email\" name=\"email-id\" \/><\/span>\n\t<\/p>\n<\/div>\n<div class=\"column dt-sc-one-half\">\n\t<p><span class=\"wpcf7-form-control-wrap\" data-name=\"phone-no\"><input size=\"40\" maxlength=\"400\" class=\"wpcf7-form-control wpcf7-tel wpcf7-validates-as-required wpcf7-text wpcf7-validates-as-tel\" aria-required=\"true\" aria-invalid=\"false\" placeholder=\"Telefon  (Pflichtangabe)\" value=\"\" type=\"tel\" name=\"phone-no\" \/><\/span>\n\t<\/p>\n<\/div>\n<div class=\"clear\">\n<\/div>\n<div class=\"hr-invisible-very-small\">\n<\/div>\n<p><span class=\"wpcf7-form-control-wrap\" data-name=\"your-message\"><textarea cols=\"40\" rows=\"10\" maxlength=\"2000\" class=\"wpcf7-form-control wpcf7-textarea wpcf7-validates-as-required\" aria-required=\"true\" aria-invalid=\"false\" placeholder=\"Ihre Nachricht (Pflichtangabe)\" name=\"your-message\"><\/textarea><\/span>\n<\/p>\n<div class=\"clear\">\n<\/div>\n<div class=\"hr-invisible-very-small\">\n<\/div>\n<p><input class=\"wpcf7-form-control wpcf7-submit has-spinner\" type=\"submit\" value=\"Terminanfrage senden\" \/>\n<\/p><div class=\"wpcf7-response-output\" aria-hidden=\"true\"><\/div>\n<\/form>\n<\/div><\/div>\n<div  class='column dt-sc-one-half  '><div class='dt-sc-titled-box  orange '><h6 class='dt-sc-titled-box-title' >  Preise<\/h6><div class='dt-sc-titled-box-content'>F\u00fcr die Anfahrt berechnen wir 0,50 \u20ac pro Kilometer, ab 3 Personen ist die Anfahrt inklusive.Wir bringen alles was wir brauchen mit (Handt\u00fccher, Massage\u00f6le und eine Massageliege).<\/div><\/div>\n<ul class='dt-sc-fancy-list   arrow'>\n<li>30 Minuten \/ 50,00 \u20ac<\/li>\n<li>45 Minuten \/ 60,00 \u20ac<\/li>\n<li>60 Minuten \/ 80,00 \u20ac<\/li>\n<li>F\u00fcr Gruppen gibt es Sonderpreise<\/li>\n<li><a href=\"https:\/\/mobile-h\u00e4nde.de\/wordpress_mh\/angebot-anfordern\/\" target=\"_blank\" rel=\"noopener noreferrer\">Angebot anfordern (Formular)<\/a><\/li>\n<\/ul>\n<h5 class='dark-title'><span>Leistungen inklusive:<\/span><\/h5>\n<ul class='dt-sc-numbered-list'>\n<li><span>1<\/span>Massage bei Ihnen (zu Hause, Firma, Event&#8230;)<\/li>\n<li><span>3<\/span>Hochwertige Massage\u00f6le<\/li>\n<li><span>3<\/span>Handt\u00fccher<\/li>\n<li><span>3<\/span>Massageliege<\/li>\n<li><span>3<\/span>Wellnesspaket (auf Wunsch)<\/li>\n<\/ul><\/div>\n","protected":false},"excerpt":{"rendered":"","protected":false},"author":1,"featured_media":0,"parent":0,"menu_order":0,"comment_status":"closed","ping_status":"closed","template":"","meta":{"footnotes":""},"class_list":["post-6751","page","type-page","status-publish","hentry"],"_links":{"self":[{"href":"https:\/\/mobile-h\u00e4nde.de\/wordpress_mh\/wp-json\/wp\/v2\/pages\/6751","targetHints":{"allow":["GET"]}}],"collection":[{"href":"https:\/\/mobile-h\u00e4nde.de\/wordpress_mh\/wp-json\/wp\/v2\/pages"}],"about":[{"href":"https:\/\/mobile-h\u00e4nde.de\/wordpress_mh\/wp-json\/wp\/v2\/types\/page"}],"author":[{"embeddable":true,"href":"https:\/\/mobile-h\u00e4nde.de\/wordpress_mh\/wp-json\/wp\/v2\/users\/1"}],"replies":[{"embeddable":true,"href":"https:\/\/mobile-h\u00e4nde.de\/wordpress_mh\/wp-json\/wp\/v2\/comments?post=6751"}],"version-history":[{"count":8,"href":"https:\/\/mobile-h\u00e4nde.de\/wordpress_mh\/wp-json\/wp\/v2\/pages\/6751\/revisions"}],"predecessor-version":[{"id":7163,"href":"https:\/\/mobile-h\u00e4nde.de\/wordpress_mh\/wp-json\/wp\/v2\/pages\/6751\/revisions\/7163"}],"wp:attachment":[{"href":"https:\/\/mobile-h\u00e4nde.de\/wordpress_mh\/wp-json\/wp\/v2\/media?parent=6751"}],"curies":[{"name":"wp","href":"https:\/\/api.w.org\/{rel}","templated":true}]}}