{"id":6852,"date":"2016-12-04T19:30:01","date_gmt":"2016-12-04T18:30:01","guid":{"rendered":"http:\/\/deepa-senarath.de\/wordpress_mh\/?page_id=6852"},"modified":"2018-12-04T21:15:38","modified_gmt":"2018-12-04T20:15:38","slug":"shop-2","status":"publish","type":"page","link":"https:\/\/mobile-h\u00e4nde.de\/wordpress_mh\/shop-2\/","title":{"rendered":"Shop"},"content":{"rendered":"<p><!--\n\n&nbsp;\n\n[dt_sc_one_third first]\n\n&nbsp;\n\n&nbsp;\n\n<img loading=\"lazy\" decoding=\"async\" class=\"alignnone wp-image-6867 size-full\" src=\"http:\/\/deepa-senarath.de\/wordpress_mh\/wp-content\/uploads\/2016\/12\/Xmas_special.png\" width=\"399\" height=\"87\" srcset=\"https:\/\/mobile-h\u00e4nde.de\/wp-content\/uploads\/2016\/12\/Xmas_special.png 399w, https:\/\/mobile-h\u00e4nde.de\/wp-content\/uploads\/2016\/12\/Xmas_special-300x65.png 300w\" sizes=\"auto, (max-width: 399px) 100vw, 399px\" \/>\n\nSuchen Sie noch ein sinnvolles Geschenk f\u00fcr liebe Menschen, die schon fast alles haben? Wie w\u00e4re es mit einem Gutschein f\u00fcr eine medizinische Massage?\n\nMit unserem Massage-Gutschein schenken Sie Entspannungsmomente, aber auch professionelle medizinische Massage, die k\u00f6rperliche Beschwerden reduzieren kann.\n\nUnd das Beste, wir kommen zu Ihnen, bzw. zum Beschenkten nach Hause.\n\nHier k\u00f6nnen Sie Ihr Geschenk bestellen. Es kommt zu Ihnen nach Hause auf Wunsch in liebevoll gestalteter Geschenkverpackung.\n\n[\/dt_sc_one_third]\n\n[dt_sc_one_third]\n\n\n<div class=\"hr-invisible-very-small\">\n\n<img loading=\"lazy\" decoding=\"async\" class=\"wp-image-6715 size-full aligncenter\" src=\"http:\/\/deepa-senarath.de\/wordpress_mh\/wp-content\/uploads\/2016\/11\/Gutschein_DIN-A-Lang_Xmas.jpg\" width=\"595\" height=\"281\" srcset=\"https:\/\/mobile-h\u00e4nde.de\/wp-content\/uploads\/2016\/11\/Gutschein_DIN-A-Lang_Xmas.jpg 595w, https:\/\/mobile-h\u00e4nde.de\/wp-content\/uploads\/2016\/11\/Gutschein_DIN-A-Lang_Xmas-300x142.jpg 300w\" sizes=\"auto, (max-width: 595px) 100vw, 595px\" \/>\n\n<\/div>\n\n\n\n\n<div class=\"clear\">\n\n\n<p style=\"text-align: center;\">[dt_sc_button type=\"without-icon\" link=\"http:\/\/deepa-senarath.de\/wordpress_mh\/weihnachtsgutscheine\/\" size=\"medium\" target=\"_new\"]Weihnachtsspecial[\/dt_sc_button]\n\n\n[\/dt_sc_one_third]\n\n&nbsp;\n\n[dt_sc_one_third]\n\n[list_with_font_awesome_icons style=\"type2\"]\n\n\n<ul>\n \t\n\n<li>[font_awesome_icon class=\"fa-heart\"] wir verpacken den Gutschein liebevoll<\/li>\n\n\n \t\n\n<li>[font_awesome_icon class=\"fa-gift\"]\u00a0eine besondere Geschenkidee f\u00fcr alle Gelegenheiten<\/li>\n\n\n<\/ul>\n\n\n[\/list_with_font_awesome_icons]\n[\/dt_sc_one_third]\n\n&nbsp;\n\n[dt_sc_hr_invisible_small]\n[dt_sc_clear]\n\n&nbsp;\n\n[dt_sc_fullwidth_section parallax=\"no\" backgroundrepeat=\"no-repeat\" backgroundposition=\"left top\" paddingtop=\"1\" paddingbottom=\"1\" class=\"skin-bg dark-bg gradient-bg\" ]\n\n[\/dt_sc_fullwidth_section]\n\n--><\/p>\n<p>&nbsp;<\/p>\n<div  class='column dt-sc-one-third  first'><p>&nbsp;<\/p>\n<img loading=\"lazy\" decoding=\"async\" class=\"alignnone wp-image-6468 size-full\" src=\"http:\/\/deepa-senarath.de\/wordpress_mh\/wp-content\/uploads\/2014\/07\/Gutschein.png\" width=\"398\" height=\"89\" srcset=\"https:\/\/mobile-h\u00e4nde.de\/wp-content\/uploads\/2014\/07\/Gutschein.png 398w, https:\/\/mobile-h\u00e4nde.de\/wp-content\/uploads\/2014\/07\/Gutschein-300x67.png 300w\" sizes=\"auto, (max-width: 398px) 100vw, 398px\" \/>\n<p><span style=\"line-height: 1.5;\">Die besondere Geschenkidee! Verschenken Sie eine mobile medizinische Massage &#8211; eine originelle Idee, einen lieben Menschen zu \u00fcberraschen und zu seinem Wohlbefinden beizutragen.<\/span><\/p><\/div>\n<div  class='column dt-sc-one-third  '><div class=\"hr-invisible-very-small\">\n<img loading=\"lazy\" decoding=\"async\" class=\"aligncenter wp-image-6595\" src=\"http:\/\/deepa-senarath.de\/wordpress_mh\/wp-content\/uploads\/2014\/07\/Gutschein_1.png\" alt=\"gutschein_1\" width=\"400\" height=\"189\" srcset=\"https:\/\/mobile-h\u00e4nde.de\/wp-content\/uploads\/2014\/07\/Gutschein_1.png 595w, https:\/\/mobile-h\u00e4nde.de\/wp-content\/uploads\/2014\/07\/Gutschein_1-300x142.png 300w\" sizes=\"auto, (max-width: 400px) 100vw, 400px\" \/>\n<\/div>\n<div class=\"clear\">\n<p style=\"text-align: center;\"><a href='https:\/\/mobile-h\u00e4nde.de\/wordpress_mh\/gutscheine\/' target='_new'  class='dt-sc-button     medium  ' >Gutscheine<\/a><\/div>\n<\/div>\n<div  class='column dt-sc-one-third  '><ul class='dt-sc-fancy-list type2'>\n<li><i class=\"fa fa-heart\"><\/i> wir verpacken den Gutschein liebevoll<\/li>\n<li><i class=\"fa fa-gift\"><\/i>\u00a0eine besondere Geschenkidee f\u00fcr alle Gelegenheiten<\/li>\n<\/ul><\/div>\n<div class='dt-sc-hr-invisible-small  '><\/div>\n<div class=\"dt-sc-clear\"><\/div>\n<p>&nbsp;<\/p>\n<div class='fullwidth-section skin-bg dark-bg gradient-bg '  style=\"background-repeat:no-repeat;background-position:left top;padding-top:1px;padding-bottom:1px;\">  <div class=\"fullwidth-bg\">\t<div class=\"container\">\t<\/div>  <\/div><\/div>\n<div class='fullwidth-section  '  style=\"background-color:#ffff;background-repeat:no-repeat;background-position:left top;padding-top:50px;padding-bottom:30px;\">  <div class=\"fullwidth-bg\">\t<div class=\"container\"><div  class='column dt-sc-one-third  first'><p>&nbsp;<\/p>\n<img loading=\"lazy\" decoding=\"async\" class=\"wp-image-6437 size-full alignnone\" src=\"http:\/\/deepa-senarath.de\/wordpress_mh\/wp-content\/uploads\/2014\/07\/Bonuskarte_2.png\" alt=\"Bonuskarte_2\" width=\"398\" height=\"89\" srcset=\"https:\/\/mobile-h\u00e4nde.de\/wp-content\/uploads\/2014\/07\/Bonuskarte_2.png 398w, https:\/\/mobile-h\u00e4nde.de\/wp-content\/uploads\/2014\/07\/Bonuskarte_2-300x67.png 300w\" sizes=\"auto, (max-width: 398px) 100vw, 398px\" \/>\n<p><span style=\"line-height: 1.5;\">Sie m\u00f6chten regelm\u00e4\u00dfig \u00a0unsere mobilen medizinischen Massagen genie\u00dfen? Dann profitieren Sie von unseren Bonuskarten und sparen Sie bares Geld!<\/span><\/p><\/div>\n<div  class='column dt-sc-one-third  '><div class=\"hr-invisible-very-small\"><img loading=\"lazy\" decoding=\"async\" class=\"aligncenter wp-image-6447 size-full\" src=\"http:\/\/deepa-senarath.de\/wordpress_mh\/wp-content\/uploads\/2014\/07\/Bonuskarten.png\" alt=\"Bonuskarten\" width=\"355\" height=\"191\" srcset=\"https:\/\/mobile-h\u00e4nde.de\/wp-content\/uploads\/2014\/07\/Bonuskarten.png 355w, https:\/\/mobile-h\u00e4nde.de\/wp-content\/uploads\/2014\/07\/Bonuskarten-300x161.png 300w\" sizes=\"auto, (max-width: 355px) 100vw, 355px\" \/><\/div>\n<div class=\"clear\"><\/div>\n<p><span class=\"aligncenter\"><a href='https:\/\/mobile-h\u00e4nde.de\/wordpress_mh\/bonuskarte-6-x-30-minuten\/' target='_new'  class='dt-sc-button     medium  ' >6 x 30 Minuten<\/a> <a href='https:\/\/mobile-h\u00e4nde.de\/wordpress_mh\/bonuskarte-12\/' target='_new'  class='dt-sc-button     medium  ' >12 x 30 Minuten<\/a><\/span><\/p><\/div>\n<div  class='column dt-sc-one-third  '><ul class='dt-sc-fancy-list type2'>\n<li><i class=\"fa fa-leaf\"><\/i>\u00a0G\u00f6nnen Sie sich regelm\u00e4\u00dfig unsere medizinischen Massagen<\/li>\n<li><i class=\"fa fa-shield\"><\/i>\u00a0Sparen Sie bis zu 90 \u20ac mit unseren Bonuskarten<\/li>\n<\/ul><\/div>\t<\/div>  <\/div><\/div>\n","protected":false},"excerpt":{"rendered":"<p>&nbsp; &nbsp;<\/p>\n","protected":false},"author":1,"featured_media":0,"parent":0,"menu_order":0,"comment_status":"closed","ping_status":"closed","template":"","meta":{"footnotes":""},"class_list":["post-6852","page","type-page","status-publish","hentry"],"_links":{"self":[{"href":"https:\/\/mobile-h\u00e4nde.de\/wordpress_mh\/wp-json\/wp\/v2\/pages\/6852","targetHints":{"allow":["GET"]}}],"collection":[{"href":"https:\/\/mobile-h\u00e4nde.de\/wordpress_mh\/wp-json\/wp\/v2\/pages"}],"about":[{"href":"https:\/\/mobile-h\u00e4nde.de\/wordpress_mh\/wp-json\/wp\/v2\/types\/page"}],"author":[{"embeddable":true,"href":"https:\/\/mobile-h\u00e4nde.de\/wordpress_mh\/wp-json\/wp\/v2\/users\/1"}],"replies":[{"embeddable":true,"href":"https:\/\/mobile-h\u00e4nde.de\/wordpress_mh\/wp-json\/wp\/v2\/comments?post=6852"}],"version-history":[{"count":18,"href":"https:\/\/mobile-h\u00e4nde.de\/wordpress_mh\/wp-json\/wp\/v2\/pages\/6852\/revisions"}],"predecessor-version":[{"id":7123,"href":"https:\/\/mobile-h\u00e4nde.de\/wordpress_mh\/wp-json\/wp\/v2\/pages\/6852\/revisions\/7123"}],"wp:attachment":[{"href":"https:\/\/mobile-h\u00e4nde.de\/wordpress_mh\/wp-json\/wp\/v2\/media?parent=6852"}],"curies":[{"name":"wp","href":"https:\/\/api.w.org\/{rel}","templated":true}]}}