{"id":6992,"date":"2016-12-05T22:10:47","date_gmt":"2016-12-05T21:10:47","guid":{"rendered":"http:\/\/deepa-senarath.de\/wordpress_mh\/?page_id=6992"},"modified":"2016-12-05T22:10:47","modified_gmt":"2016-12-05T21:10:47","slug":"agb","status":"publish","type":"page","link":"https:\/\/mobile-h\u00e4nde.de\/wordpress_mh\/agb\/","title":{"rendered":"AGB"},"content":{"rendered":"<ul>\n<li><strong> 1 Geltung der Allgemeinen Gesch\u00e4ftsbedingungen<\/strong><\/li>\n<\/ul>\n<p>Diese Website wird von Deepa Senarath, Gremberghovenerstr. 11, 51149 K\u00f6ln betrieben. Sie dient zur Vorstellung der Person, des Massage-Teams, der Dienstleistungen, der Terminbuchung und zum Verkauf von Gutscheinen.<\/p>\n<p>Diese &#8222;Allgemeinen Gesch\u00e4ftsbedingungen&#8220; (AGB) gelten f\u00fcr s\u00e4mtliche Darstellungen, Buchungen und die Nutzung der Website sowie die Massagen von \u201eMobile H\u00e4nde Deepa Senarath und Team\u201c (im Folgenden MH genannt).\u00a0Sie sind g\u00fcltig ab dem Zeitpunkt ihrer Ver\u00f6ffentlichung. Alle Nebenabreden bed\u00fcrfen der schriftlichen Best\u00e4tigung durch Deepa Senarath. M\u00fcndliche Nebenabreden sind unwirksam. Deepa Senarath ist berechtigt, diese Allgemeinen Gesch\u00e4ftsbedingungen einschlie\u00dflich aller eventuellen Anlagen ohne gesonderte Hinweise zu \u00e4ndern oder zu erg\u00e4nzen. Bei Vertragsschluss werden die jeweils zu diesem Zeitpunkt geltenden AGB Vertragsbestandteil.<\/p>\n<p><strong>\u00a0<\/strong><\/p>\n<ul>\n<li><strong> 2 Leistungsbeschreibung und Behandlungsvertrag<\/strong><\/li>\n<\/ul>\n<p>Der Behandlungsvertrag zwischen dem Massage-Team von MH\u00a0und dem Klienten ist ein Dienstvertrag gem\u00e4\u00df \u00a7\u00a7 611 ff BGB. Durch den Vertrag wird derjenige, der die Behandlung zusagt, zur Leistung der versprochenen Behandlung, der andere Teil zur Zahlung der vereinbarten Verg\u00fctung verpflichtet.<\/p>\n<p>Der Behandlungsvertrag zwischen der MH und dem Klienten kommt bei Terminvereinbarung zustande. Diese kann telefonisch, pers\u00f6nlich oder schriftlich per Post, E-Mail, Kontaktformular oder Fax erfolgen.<\/p>\n<p>Die Leistungsbeschreibungen hinsichtlich der einzelnen Behandlungen stellen lediglich eine Aufforderung an den Kunden dar, MH ein verbindliches Angebot zu unterbreiten. Im Wege der Terminvereinbarung entscheidet MH, ob er das Angebot des Kunden zum Vertragsschluss annimmt.\u00a0Dann erst kommt der Behandlungsvertrag zustande. Hinsichtlich der R\u00fccktrittsmodalit\u00e4ten vom Behandlungsvertrag wird auf \u00a7 4 der AGB hingewiesen.<\/p>\n<p>Gesetzlich versicherten Personen wird diese Dienstleistung als Pr\u00e4ventionsbehandlung angeboten, da eine Rezeptabrechnung nicht m\u00f6glich ist. Eine Garantie f\u00fcr die volle Erstattung der Rechnung durch Privatkassen und Beihilfestellen kann MH nicht \u00fcbernehmen. Diese Vereinbarung ist auch dann g\u00fcltig, wenn eine Erstattung der Verg\u00fctung durch Erstattungsstellen nicht oder nicht in voller H\u00f6he gew\u00e4hrleistet ist. Die Verg\u00fctung ist unabh\u00e4ngig von Erstattungszeitpunkt durch die jeweilige Erstattungsstelle zum vereinbarten Zeitpunkt f\u00e4llig.<\/p>\n<p>Zur Aus\u00fcbung der T\u00e4tigkeiten bringt MH einen Massagestuhl oder eine transportable Massagebank, Laken und Massage\u00f6le mit. Erforderliche Handt\u00fccher und Decken sind bei Bedarf selbst bereit zu stellen.<\/p>\n<p>Die Verg\u00fctung ist im Anschluss an die Behandlung zu zahlen.<\/p>\n<p><strong>\u00a0<\/strong><\/p>\n<ul>\n<li><strong> 3 Erhebung, Verarbeitung und Nutzung von Kundendaten und Informationen<\/strong><\/li>\n<\/ul>\n<p>Alle durch MH durchgef\u00fchrten Massagen erfolgen ausschlie\u00dflich nach Vereinbarung mit dem Kunden, welcher sich verpflichtet, alle Fragen zu seiner Person, insbesondere die seine Gesundheit und bisherigen Therapien betreffend, umfassend und wahrheitsgetreu zu beantworten.<\/p>\n<p>MH ist berechtigt, die im Rahmen der Gesch\u00e4ftsbeziehungen erforderlichen personenbezogenen Daten wie Name, Vorname, Telefonnummer, Handynummer, E-Mail- Adressen usw. der Kunden zu erheben, zu speichern und zu verarbeiten. Pers\u00f6nliche Daten werden selbstverst\u00e4ndlich vertraulich behandelt und nicht an Dritte weiter gegeben.<\/p>\n<p>Alle Kundeninformationen sind vertrauliche Informationen, welche nur f\u00fcr interne Zwecke zur optimalen Kundenbetreuung erfasst, verarbeitet und verwendet werden. Alle vertraulichen Informationen zwischen MH und Kunde unterliegen der Schweigepflicht und werden nur mit Einwilligung des Kunden weitergegeben.<\/p>\n<p><strong>\u00a0<\/strong><\/p>\n<ul>\n<li><strong> 4 R\u00fccktrittsmodalit\u00e4ten<\/strong><\/li>\n<\/ul>\n<p>Vereinbarte Termine sind wahrzunehmen. Sollte ein Termin aus wichtigem Grund nicht wahrgenommen werden k\u00f6nnen, so ist dies bis 24 Stunden vor dem vereinbarten Termin\u00a0MH pers\u00f6nlich oder telefonisch (auch per Fax) mitzuteilen. Andernfalls wird MH dem Kunden die Kosten f\u00fcr den nicht wahrgenommenen Termin in Rechnung stellen. Bei Absage bis 24 Stunden vorher werden keine Kosten f\u00e4llig. F\u00fcr alle Absagen unter 24 Stunden gilt die folgende Staffelung bezogen auf den vereinbarten Leitungspreis:<\/p>\n<ul>\n<li>unter 24 Stunden 25%<\/li>\n<li>unter 12 Stunden 50%<\/li>\n<li>unter 6 Stunden 70%<\/li>\n<li>bei Anfahrt ohne Antreffen und Absage 80%<\/li>\n<\/ul>\n<p>&nbsp;<\/p>\n<p>MH ist berechtigt vom Behandlungsvertrag, auch vor vollst\u00e4ndiger Erf\u00fcllung zur\u00fcckzutreten, wenn es um Behandlungen gesundheitlicher Einschr\u00e4nkungen geht, die MH aufgrund der Ausbildung, eines bestehenden gesundheitlichen Risikos oder aus gesetzlichen Gr\u00fcnden nicht behandeln kann, will oder darf.<\/p>\n<p>Sowohl der Klient als auch MH ist berechtigt, vom Behandlungsvertrag, auch vor vollst\u00e4ndiger Erf\u00fcllung zur\u00fcckzutreten, wenn das Vertrauensverh\u00e4ltnis zwischen Klient und MH so gest\u00f6rt ist, \u00a0dass eine Fortsetzung der Behandlung unzumutbar w\u00e4re. In diesem Fall bleibt der Honoraranspruch von MH lediglich f\u00fcr die bis zum R\u00fccktrittszeitpunkt entstandenen Leistungen erhalten.<\/p>\n<p><strong>\u00a7 5 Haftung f\u00fcr Sch\u00e4den<\/strong><\/p>\n<p>MH haftet in F\u00e4llen des Vorsatzes oder der groben Fahrl\u00e4ssigkeit von MH nach den gesetzlichen Bestimmungen. Im \u00dcbrigen haftet MH nur wegen der Verletzung des Lebens, des K\u00f6rpers oder der Gesundheit oder wegen schuldhafter Verletzung wesentlicher Vertragspflichten. Der Schadensersatzanspruch f\u00fcr die Verletzung wesentlicher Vertragspflichten ist jedoch auf den vertragstypischen vorhersehbaren Schaden begrenzt, soweit nicht zugleich ein weiterer Fall zwingender Haftung nach Satz 1 oder 2 gegeben ist. Die Haftung f\u00fcr Verzug und Unm\u00f6glichkeit bestimmt sich nach den gesetzlichen Regelungen.<\/p>\n<p>Anspr\u00fcche f\u00fcr Sch\u00e4den, bei denen die Haftung f\u00fcr leichte Fahrl\u00e4ssigkeit nicht ausgeschlossen ist und die nicht auf der Verletzung von Leben, K\u00f6rper oder Gesundheit beruhen, verj\u00e4hren nach einem Jahr beginnend mit der jeweiligen Entstehung des Anspruchs. Alle Beratungen, Massagen und Behandlungen bucht der Kunde aus eigener Motivation und auf eigenes Risiko.<\/p>\n<p>MH beh\u00e4lt sich vor, bei seiner Ansicht nach kritisch einzustufenden Kunden ohne weitere pers\u00f6nliche Begr\u00fcndungen die Behandlung abzulehnen. Aussagen, die von MH get\u00e4tigt werden, beruhen immer auf dem jeweiligen Kenntnisstand. Da es zu einigen Themen unterschiedliche Lehrmeinungen gibt, kann MH nicht in jeder Hinsicht gew\u00e4hrleisten, die aktuellste oder die bis dahin aktuell als beste anerkannte Aussage getroffen und Behandlung angewendet zu haben. Die angewandten Methoden sind stets auf eine Steigerung des Wohlbefindens und zur Anregung der Selbstheilungskr\u00e4fte des Kunden gerichtet. MH kann keine medizinischen Heilerfolge garantieren. Eine Steigerung des Wohlbefindens ist aus der langj\u00e4hrigen Methodenpraxis jedoch gew\u00e4hrleistet und angestrebt. MH distanziert sich von den Inhalten verlinkter Internetseiten.<\/p>\n<p><strong>\u00a0<\/strong><\/p>\n<ul>\n<li><strong> 6 Gutscheine<\/strong><\/li>\n<\/ul>\n<p><strong>\u00a0<\/strong><\/p>\n<ol>\n<li><strong> Leistungsbeschreibung und Vertragsschluss<\/strong><\/li>\n<\/ol>\n<p>Die auf der Website von MH aufgef\u00fchrten Gutscheine stellen kein bindendes Angebot dar; sie stellen eine Aufforderung an den Kunden dar, MH ein verbindliches Angebot zu unterbreiten.<\/p>\n<p>Die Bestellung des Kunden wird durch MH unverz\u00fcglich auf elektronischem Wege best\u00e4tigt. Dadurch wird die Annahme des Angebots des Kunden durch MH erkl\u00e4rt und ein Vertrag geschlossen. Der Gutschein berechtigt den Kunden oder eine beliebig andere (geeignete) Person zur Buchung und Inanspruchnahme der entsprechenden Massage. Es gilt die daf\u00fcr im Gutschein vorgesehene Angabe der Behandlung und die bei der Buchung ersichtlichen Bedingungen. Nach dem Erwerb eines Gutscheins ist der Kunde bzw. der Gutscheininhaber berechtigt, selbst einen geeigneten \u201eBehandlungsort\u201c zu w\u00e4hlen sowie einen Termin zur Durchf\u00fchrung abzustimmen. Der Vertrag hinsichtlich der Buchung des jeweiligen Gutscheins kommt unmittelbar zwischen dem Kunden und MH zustande. Es kommen die Allgemeinen Gesch\u00e4ftsbedingungen zur Anwendung. Die Behandlung erfolgt nach pers\u00f6nlicher Absprache. MH ist bem\u00fcht, Wunschtermine zur Einl\u00f6sung eines Gutscheins einzuhalten. Kurzfristige Termine sind m\u00f6glich, werden jedoch nicht garantiert.<\/p>\n<p>&nbsp;<\/p>\n<ol>\n<li><strong> G\u00fcltigkeitsdauer<\/strong><\/li>\n<\/ol>\n<p>Die Frist zum Einl\u00f6sen f\u00fcr einen Massagegutschein betr\u00e4gt grunds\u00e4tzlich 12 Monate ab Ausstellungsdatum (Gutscheinkauf). Das aufgedruckte Datum auf dem Gutschein ist f\u00fcr die Einl\u00f6se Frist ma\u00dfgeblich. Im Zeitraum von 12 Monaten tr\u00e4gt MH das Risiko von Preissteigerungen. Aufgrund der Preiskalkulation und Kapazit\u00e4tsplanung mit dem Massageteam ist eine l\u00e4ngere \u00dcbernahme des Preissteigerungsrisikos nicht m\u00f6glich. Ein Wertgutschein unterliegt den gesetzlichen Verj\u00e4hrungsfristen und ist bis zu dessen Ablauf einl\u00f6sbar. Massagegutscheine k\u00f6nnen nicht in Wertgutscheine umgetauscht werden. Die G\u00fcltigkeit ist auf den Raum K\u00f6ln, Bonn und Rhein-Sieg, bzw. das \u00fcbliche Einsatzgebiet von MH begrenzt.<br \/>\n<strong>III. Zahlung und Lieferung<\/strong><\/p>\n<p>Die bestellten Gutscheine k\u00f6nnen bar oder per paypal bezahlt werden. Die Versendung der Gutscheine an die vom Kunden angegebene Adresse erfolgt nach Zahlungseingang bei MH, i.d.R. innerhalb der n\u00e4chsten 2 Werktage. Die Lieferfrist f\u00fcr die Gutscheine\u00a0ist unverbindlich. Eine m\u00f6gliche Verl\u00e4ngerung der Lieferfristen bei Streik und F\u00e4llen h\u00f6herer Gewalt ist nicht ausgeschlossen. Das gleiche gilt, wenn der Kunde seine Mitwirkungspflichten nicht erf\u00fcllt. Schadensersatzanspr\u00fcche bei versp\u00e4teter oder nicht erfolgter Lieferung sind ausgeschlossen. MH haftet nur f\u00fcr Vorsatz oder grobe Fahrl\u00e4ssigkeit. Der Verlust oder Diebstahl von Gutscheinen ist unverz\u00fcglich MH zu melden.MH schlie\u00dft eine Haftung f\u00fcr eine m\u00f6glicherweise unrechtm\u00e4\u00dfige Einl\u00f6sung eines Gutscheins aus. Alle Behandlungen sind MwSt. befreit nach \u00a74.Nr.14 des USTG.<\/p>\n<ol>\n<li><strong> Widerrufsrecht<\/strong><br \/>\nSie k\u00f6nnen Ihre Vertragserkl\u00e4rung innerhalb von einem Monat ohne Angabe von Gr\u00fcnden in Textform (z. B. Brief, E-Mail) widerrufen. Die Frist beginnt nach Erhalt dieser Belehrung in Textform, jedoch nicht vor Erf\u00fcllung unserer Informationspflichten gem\u00e4\u00df \u00a7 312c Abs. 2 BGB in Verbindung mit \u00a7 1 Abs. 1, 2 und 4 BGB-InfoV sowie unserer Pflichten gem\u00e4\u00df \u00a7 312e Abs. 1 Satz 1 BGB in Verbindung mit \u00a7 3 BGB-InfoV. Zur Wahrung der Widerrufsfrist gen\u00fcgt die rechtzeitige Absendung des Widerrufs.<\/li>\n<\/ol>\n<p>Bei Einl\u00f6sung des Gutscheins innerhalb dieser Frist endet die Frist vorzeitig mit Beginn der Dienstleistung (Massage). Zur Wahrung der Widerrufsfrist gen\u00fcgt die rechtzeitige Absendung des Widerrufs oder des Gutscheins. Der Gutschein ist an MH zur\u00fcckzusenden. Der Kunde hat die Kosten der R\u00fccksendung zu tragen. Der Widerruf ist zu richten an:<\/p>\n<p>&nbsp;<\/p>\n<p>Deepa Senarath<\/p>\n<p>Betr.: Widerruf<\/p>\n<p>Gremberghovenerstr. 11<\/p>\n<p>51149 K\u00f6ln<br \/>\nWiderrufsfolgen: Im Falle eines wirksamen Widerrufs sind die beiderseits empfangenen Leistungen zur\u00fcckzugew\u00e4hren und ggf. gezogene Nutzungen (z. B. Zinsen) herauszugeben.<br \/>\nDer Kaufpreis wird im Falle des Widerrufes an den K\u00e4ufer unbar zur\u00fcckerstattet.<\/p>\n<p>\u00e8\u00a0\u00a0Hierzu ist die Angabe der Kontoverbindung vom Kunden anzugeben.<\/p>\n<p>\u00e8\u00a0\u00a0Es besteht kein Widerrufsrecht, wenn der Gutschein bereits eingel\u00f6st wurde.<\/p>\n<p>\u00e8\u00a0\u00a0Ist der Kunde Vollkaufmann, hat er kein Widerrufs- und R\u00fcckgaberecht gem\u00e4\u00df \u00a7 312 d BGB.<\/p>\n<p>\u00e8\u00a0\u00a0Das Widerrufsrecht erlischt vorzeitig, wenn MH mit der Ausf\u00fchrung der Dienstleistung mit ausdr\u00fccklicher Zustimmung des Kunden vor Ende der Widerrufsfrist begonnen hat oder der Kunde diese selbst veranlasst hat (z.B. Terminierung und\/oder Aus\u00fcbung der Behandlung vor Ablauf der Widerrufsfrist)<\/p>\n<ol>\n<li><strong> Nichteinl\u00f6sung von Gutscheinen, Stornierung<\/strong><\/li>\n<\/ol>\n<p>Durch den Kauf eines Gutscheins von MH erwirbt der Kunde das Recht zur Inanspruchnahme der vereinbarten Leistung innerhalb des vereinbarten Zeitraumes. Die Gutscheine sind im Einzelnen \u00fcbertragbar und k\u00f6nnen von jeder beliebigen Person eingel\u00f6st werden, die f\u00fcr die jeweilige Behandlung geeignet ist.<\/p>\n<p>Wurde bereits ein Termin zur Durchf\u00fchrung der Behandlung vereinbart und vers\u00e4umt der Gutscheininhaber diesen Termin, so verf\u00e4llt der Gutschein ersatzlos. Terminverschiebungen hat der Kunde rechtzeitig der MH abzustimmen und sich \u00fcber Geb\u00fchren zu erkundigen, die im Falle einer kurzfristigen Absage anfallen k\u00f6nnen.<\/p>\n<p><strong>VI. R\u00fccktritt durch MH<\/strong><\/p>\n<p>Bis zur Buchung\/Terminierung einer Behandlung durch den Gutschein-Inhaber ist MH jederzeit berechtigt, aus wichtigem Grund vom Vertrag zur\u00fcckzutreten. Wichtige Gr\u00fcnde sind z.B.: die in der Beschreibung des Gutscheins angegebene Behandlung kann durch Krankheit seitens MH nicht durchgef\u00fchrt werden; es liegt h\u00f6here Gewalt vor; MH hat seine T\u00e4tigkeit eingestellt.\u00a0\u00a0 Sollte einer dieser F\u00e4lle eintreten, wird der Kunde durch MH unverz\u00fcglich dar\u00fcber informiert.<\/p>\n<p>Bei R\u00fccktritt vom Vertrag aus wichtigem Grund erh\u00e4lt der Kunde den an MH bezahlten Buchungspreis umgehend zur\u00fcck. Weitergehende Anspr\u00fcche gegen MH sind ausgeschlossen.<\/p>\n<p><strong>\u00a0<\/strong><\/p>\n<ul>\n<li><strong> 7 K\u00f6rperliche Behinderungen<\/strong><\/li>\n<\/ul>\n<p>Die Teilnahme von Menschen mit Behinderungen an den Dienstleistungen wird von MH nicht ausgeschlossen. Es wird jedoch darauf hingewiesen, dass eine Behandlung in diesem Falle m\u00f6glicherweise beschwerlich oder unm\u00f6glich sein kann. Der Kunde wird gebeten, MH \u00fcber bestehende Behinderungen zu informieren. MH wird sodann bem\u00fcht sein, individuelle L\u00f6sungen\u00a0zu finden.<\/p>\n<p><strong>\u00a0<\/strong><\/p>\n<ul>\n<li><strong> 8\u00a0Ausfall<\/strong><\/li>\n<\/ul>\n<p>MH versucht, vereinbarte Termine p\u00fcnktlich einzuhalten, beh\u00e4lt sich jedoch bei vorliegenden Gr\u00fcnden das Recht vor, Termine zu \u00e4ndern oder abzusagen. Versp\u00e4tungen sind leider aus unterschiedlichen Gr\u00fcnden nicht auszuschlie\u00dfen. Sollte MH aus eigenem Verschulden eine Stunde nach der vereinbarten Zeit die Behandlung bei Ihnen nicht beginnen k\u00f6nnen, so wird ein Ersatztermin vereinbart. MH \u00fcbernimmt keinen Schadenersatz, wenn aufgrund von eigenen Versp\u00e4tungen Termine nicht eingehalten werden k\u00f6nnen. Wenn eine termingerechte Behandlung bzw. Einl\u00f6sung von Gutscheinen nicht m\u00f6glich sein sollte, beh\u00e4lt der Gutschein in diesem Fall seine G\u00fcltigkeit oder der Kaufpreis des Gutscheins wird zur\u00fcckerstattet. Weitergehende Anspr\u00fcche an MH sind jedoch ausgeschlossen.<\/p>\n<p><strong>\u00a0<\/strong><\/p>\n<ul>\n<li><strong> 9 Verj\u00e4hrung eigener Anspr\u00fcche<\/strong><\/li>\n<\/ul>\n<p>Die Anspr\u00fcche von MH auf Zahlung verj\u00e4hren abweichend von \u00a7 195 BGB in einem Jahr. F\u00fcr den Beginn der Verj\u00e4hrungsfrist gilt \u00a7 199 BGB entsprechend.<\/p>\n<p><strong>\u00a0<\/strong><\/p>\n<ul>\n<li><strong> 10 Form von Erkl\u00e4rungen<\/strong><\/li>\n<\/ul>\n<p>Alle rechtserheblichen Erkl\u00e4rungen und Anzeigen, die der Kunde gegen\u00fcber der MH oder einem Dritten abzugeben hat, bed\u00fcrfen der schriftlichen Form.<\/p>\n<p><strong>\u00a0<\/strong><\/p>\n<ul>\n<li><strong> 11 Gew\u00e4hrleistungsausschluss zur Nutzung der Website und Schutzrechte<\/strong><\/li>\n<\/ul>\n<p>Die Inhalte dieser Website unterliegen Schutzrechten und Rechtsvorschriften zum Schutz des geistigen Eigentums. Diese Rechte werden vom Kunden anerkannt. Der Kunde erkennt auch an, dass werbliche Inhalte von MH durch Urheberrechte, Marken, Patente oder sonstige Schutzrechte oder Gesetze gesch\u00fctzt sind. Ohne die schriftliche Einverst\u00e4ndniserkl\u00e4rung von MH d\u00fcrfen Inhalte oder Werke, die auf der Website abrufbar sind oder zug\u00e4nglich gemacht werden, weder teilweise noch ganz genutzt, ge\u00e4ndert, vermietet, verleast, verliehen, verkauft, vertrieben oder umgestaltet werden. Die Nutzung dieser Website erfolgt auf Risiko des Kunden.<br \/>\nDies umfasst z.B. das Herunterladen von PDF-Dateien und damit evtl. im Zusammenhang stehende Sch\u00e4den oder Beeintr\u00e4chtigungen am Computersystem oder sonstigen technischen Ger\u00e4ten des Kunden. Au\u00dferdem umfasst das Risiko auch den Verlust von Daten. Die Haftung von MH wird in jedem Fall auf Sch\u00e4den beschr\u00e4nkt, die durch vors\u00e4tzliches oder grob fahrl\u00e4ssiges Handeln verursacht wurden oder auf der Verletzung wesentlicher Hauptpflichten aus dem Vertragsverh\u00e4ltnis beruhen. Die Haftung f\u00fcr Sch\u00e4den, die auf einer fahrl\u00e4ssigen Verletzung nicht wesentlicher Vertragspflichten oder von Pflichten im Rahmen der Vertragsverhandlungen beruhen, wird mittelbare Sch\u00e4den und untypische Folgesch\u00e4den ausgeschlossen.<\/p>\n<p>&nbsp;<\/p>\n<ul>\n<li><strong> 12 Erf\u00fcllungsort &#8211; Rechtswahl &#8211; Gerichtsstand<\/strong><br \/>\nErf\u00fcllungsort und Zahlungsort ist der Gesch\u00e4ftssitz von MH. Es gilt das Recht der Bundesrepublik Deutschland.\u00a0Hat der Kunde in Deutschland oder in einem anderen EU-Mitgliedsstaat keinen allgemeinen Gerichtsstand oder\u00a0ist er Kaufmann oder hat er seinen festen Wohnsitz nach Vertragsschluss unter Wirksamwerden dieser AGB ins Ausland verlegt oder ist sein Wohnsitz oder gew\u00f6hnlicher Aufenthaltsort im Zeitpunkt der Klageerhebung nicht bekannt, ist ausschlie\u00dflicher Gerichtsstand f\u00fcr s\u00e4mtliche Streitigkeiten aus diesem Vertrag der Gesch\u00e4ftssitz von MH.<\/li>\n<\/ul>\n<p>&nbsp;<\/p>\n","protected":false},"excerpt":{"rendered":"<p>1 Geltung der Allgemeinen Gesch\u00e4ftsbedingungen Diese Website wird von Deepa Senarath, Gremberghovenerstr. 11, 51149 K\u00f6ln betrieben. Sie dient zur Vorstellung der Person, des Massage-Teams, der Dienstleistungen, der Terminbuchung und zum Verkauf von Gutscheinen. Diese &#8222;Allgemeinen Gesch\u00e4ftsbedingungen&#8220; (AGB) gelten f\u00fcr s\u00e4mtliche Darstellungen, Buchungen und die Nutzung der Website sowie die Massagen von \u201eMobile H\u00e4nde Deepa Senarath [&hellip;]<\/p>\n","protected":false},"author":1,"featured_media":0,"parent":0,"menu_order":0,"comment_status":"closed","ping_status":"closed","template":"","meta":{"footnotes":""},"class_list":["post-6992","page","type-page","status-publish","hentry"],"_links":{"self":[{"href":"https:\/\/mobile-h\u00e4nde.de\/wordpress_mh\/wp-json\/wp\/v2\/pages\/6992","targetHints":{"allow":["GET"]}}],"collection":[{"href":"https:\/\/mobile-h\u00e4nde.de\/wordpress_mh\/wp-json\/wp\/v2\/pages"}],"about":[{"href":"https:\/\/mobile-h\u00e4nde.de\/wordpress_mh\/wp-json\/wp\/v2\/types\/page"}],"author":[{"embeddable":true,"href":"https:\/\/mobile-h\u00e4nde.de\/wordpress_mh\/wp-json\/wp\/v2\/users\/1"}],"replies":[{"embeddable":true,"href":"https:\/\/mobile-h\u00e4nde.de\/wordpress_mh\/wp-json\/wp\/v2\/comments?post=6992"}],"version-history":[{"count":1,"href":"https:\/\/mobile-h\u00e4nde.de\/wordpress_mh\/wp-json\/wp\/v2\/pages\/6992\/revisions"}],"predecessor-version":[{"id":6993,"href":"https:\/\/mobile-h\u00e4nde.de\/wordpress_mh\/wp-json\/wp\/v2\/pages\/6992\/revisions\/6993"}],"wp:attachment":[{"href":"https:\/\/mobile-h\u00e4nde.de\/wordpress_mh\/wp-json\/wp\/v2\/media?parent=6992"}],"curies":[{"name":"wp","href":"https:\/\/api.w.org\/{rel}","templated":true}]}}